{"id":979,"date":"2022-04-16T21:29:51","date_gmt":"2022-04-17T00:29:51","guid":{"rendered":"https:\/\/fala.host\/?page_id=979"},"modified":"2026-04-27T16:36:08","modified_gmt":"2026-04-27T19:36:08","slug":"grupos","status":"publish","type":"page","link":"https:\/\/fala.host\/index.php\/grupos\/","title":{"rendered":"Grupos"},"content":{"rendered":"\n<p class=\"has-large-font-size\">Acesse o <strong><span class=\"has-inline-color has-vivid-cyan-blue-color\">FALA.HOST<\/span><\/strong> em suas redes sociais e grupos listados abaixo.<\/p>\n\n\n\n<div class=\"wp-block-media-text alignwide is-stacked-on-mobile has-white-color has-black-background-color has-text-color has-background\" style=\"grid-template-columns:20% auto\"><figure class=\"wp-block-media-text__media\"><img loading=\"lazy\" decoding=\"async\" width=\"827\" height=\"813\" src=\"https:\/\/fala.host\/wp-content\/uploads\/2025\/11\/Logo-lupa-preto.jpg\" alt=\"\" class=\"wp-image-2289 size-full\" srcset=\"https:\/\/fala.host\/wp-content\/uploads\/2025\/11\/Logo-lupa-preto.jpg 827w, https:\/\/fala.host\/wp-content\/uploads\/2025\/11\/Logo-lupa-preto-300x295.jpg 300w, https:\/\/fala.host\/wp-content\/uploads\/2025\/11\/Logo-lupa-preto-768x755.jpg 768w\" sizes=\"(max-width: 827px) 100vw, 827px\" \/><\/figure><div class=\"wp-block-media-text__content\">\n<p class=\"has-text-align-center has-large-font-size\"><strong>GRUPO &#8211; GERAL PARA PERITOS EXPERIENTES<\/strong><\/p>\n\n\n\n<div class=\"wp-block-buttons is-horizontal is-content-justification-center is-layout-flex wp-container-core-buttons-is-layout-1 wp-block-buttons-is-layout-flex\">\n<div class=\"wp-block-button has-custom-width wp-block-button__width-50 has-custom-font-size is-style-fill has-medium-font-size\"><a class=\"wp-block-button__link has-white-color has-vivid-cyan-blue-background-color has-text-color has-background wp-element-button\" href=\"https:\/\/chat.whatsapp.com\/LwSFAsxBTcwJQoK43vraV1\" style=\"border-radius:100px\" target=\"_blank\" rel=\"noreferrer noopener\"><strong>Whatsapp<\/strong><\/a><\/div>\n\n\n\n<div class=\"wp-block-button has-custom-width wp-block-button__width-50 has-custom-font-size is-style-fill has-medium-font-size\"><a class=\"wp-block-button__link has-white-color has-vivid-cyan-blue-background-color has-text-color has-background wp-element-button\" href=\"https:\/\/t.me\/+xQrh_NGecdc4NDM5\" style=\"border-radius:100px\" target=\"_blank\" rel=\"noreferrer noopener\">Telegram<\/a><\/div>\n<\/div>\n\n\n\n<div style=\"height:10px\" aria-hidden=\"true\" class=\"wp-block-spacer\"><\/div>\n<\/div><\/div>\n\n\n\n<hr class=\"wp-block-separator has-alpha-channel-opacity\"\/>\n\n\n\n<div class=\"wp-block-media-text alignwide is-stacked-on-mobile has-white-color has-black-background-color has-text-color has-background\" style=\"grid-template-columns:20% auto\"><figure class=\"wp-block-media-text__media\"><img loading=\"lazy\" decoding=\"async\" width=\"833\" height=\"836\" src=\"https:\/\/fala.host\/wp-content\/uploads\/2025\/11\/Captura-de-tela-2025-11-30-215743.jpg\" alt=\"\" class=\"wp-image-2291 size-full\" srcset=\"https:\/\/fala.host\/wp-content\/uploads\/2025\/11\/Captura-de-tela-2025-11-30-215743.jpg 833w, https:\/\/fala.host\/wp-content\/uploads\/2025\/11\/Captura-de-tela-2025-11-30-215743-300x300.jpg 300w, https:\/\/fala.host\/wp-content\/uploads\/2025\/11\/Captura-de-tela-2025-11-30-215743-150x150.jpg 150w, https:\/\/fala.host\/wp-content\/uploads\/2025\/11\/Captura-de-tela-2025-11-30-215743-768x771.jpg 768w\" sizes=\"(max-width: 833px) 100vw, 833px\" \/><\/figure><div class=\"wp-block-media-text__content\">\n<p class=\"has-text-align-center has-large-font-size\"><strong>GRUPO &#8211; PERITOS INICIANTES<\/strong><\/p>\n\n\n\n<div class=\"wp-block-buttons is-horizontal is-content-justification-center is-layout-flex wp-container-core-buttons-is-layout-2 wp-block-buttons-is-layout-flex\">\n<div class=\"wp-block-button has-custom-width wp-block-button__width-50 has-custom-font-size is-style-fill has-medium-font-size\"><a class=\"wp-block-button__link has-white-color has-vivid-cyan-blue-background-color has-text-color has-background wp-element-button\" href=\"https:\/\/chat.whatsapp.com\/D9WlPPdPaWx97FvtEIi9yt\" style=\"border-radius:100px\" target=\"_blank\" rel=\"noreferrer noopener\"><strong>Whatsapp<\/strong><\/a><\/div>\n<\/div>\n\n\n\n<div style=\"height:10px\" aria-hidden=\"true\" class=\"wp-block-spacer\"><\/div>\n<\/div><\/div>\n\n\n\n<hr class=\"wp-block-separator has-alpha-channel-opacity\"\/>\n\n\n\n<p class=\"has-white-color has-vivid-red-background-color has-text-color has-background has-link-color has-medium-font-size wp-elements-5d8c82914ced3363bd047536af918ff3\">OBS: Ao clicar no link acima voc\u00ea ser\u00e1 redirecionado para o nosso grupo no WhatsApp. Ser\u00e1 necess\u00e1rio solicitar autoriza\u00e7\u00e3o de entrada. Assim um de nossos representantes entrar\u00e1 em contato com voc\u00ea no seu WhatsApp privado para solicitar informa\u00e7\u00f5es. N\u00e3o deixe de responder para ser autorizado ao acesso. Desde j\u00e1 seja muito bem vindo aos nossos grupos de Peritos, Assistentes T\u00e9cnicos e interessados.<\/p>\n\n\n\n<p><\/p>\n","protected":false},"excerpt":{"rendered":"<p>Acesse o FALA.HOST em suas redes sociais e grupos listados abaixo. OBS: Ao clicar no&#8230;<\/p>\n","protected":false},"author":1,"featured_media":2136,"parent":0,"menu_order":0,"comment_status":"closed","ping_status":"closed","template":"","meta":{"om_disable_all_campaigns":false,"_monsterinsights_skip_tracking":false,"_monsterinsights_sitenote_active":false,"_monsterinsights_sitenote_note":"","_monsterinsights_sitenote_category":0,"footnotes":""},"aioseo_notices":[],"_links":{"self":[{"href":"https:\/\/fala.host\/index.php\/wp-json\/wp\/v2\/pages\/979"}],"collection":[{"href":"https:\/\/fala.host\/index.php\/wp-json\/wp\/v2\/pages"}],"about":[{"href":"https:\/\/fala.host\/index.php\/wp-json\/wp\/v2\/types\/page"}],"author":[{"embeddable":true,"href":"https:\/\/fala.host\/index.php\/wp-json\/wp\/v2\/users\/1"}],"replies":[{"embeddable":true,"href":"https:\/\/fala.host\/index.php\/wp-json\/wp\/v2\/comments?post=979"}],"version-history":[{"count":51,"href":"https:\/\/fala.host\/index.php\/wp-json\/wp\/v2\/pages\/979\/revisions"}],"predecessor-version":[{"id":2376,"href":"https:\/\/fala.host\/index.php\/wp-json\/wp\/v2\/pages\/979\/revisions\/2376"}],"wp:featuredmedia":[{"embeddable":true,"href":"https:\/\/fala.host\/index.php\/wp-json\/wp\/v2\/media\/2136"}],"wp:attachment":[{"href":"https:\/\/fala.host\/index.php\/wp-json\/wp\/v2\/media?parent=979"}],"curies":[{"name":"wp","href":"https:\/\/api.w.org\/{rel}","templated":true}]}}