{"id":929,"date":"2022-04-13T19:25:07","date_gmt":"2022-04-13T22:25:07","guid":{"rendered":"https:\/\/fala.host\/?page_id=929"},"modified":"2022-04-13T19:25:07","modified_gmt":"2022-04-13T22:25:07","slug":"enquete-bolsonaro-ganha-no-primeiro-turno","status":"publish","type":"page","link":"https:\/\/fala.host\/index.php\/enquete-bolsonaro-ganha-no-primeiro-turno\/","title":{"rendered":"Enquete: Bolsonaro ganha no primeiro turno?"},"content":{"rendered":"\n<p class=\"has-large-font-size\">O site do Terra Brasil Noticias est\u00e1 fazendo uma enquete e quer saber <a href=\"https:\/\/terrabrasilnoticias.com\/2022\/04\/enquete-voce-acredita-que-bolsonaro-vence-no-primeiro-turno\/\">Se voc\u00ea acredita que Bolsonaro vence no primeiro turno<\/a>, ent\u00e3o vamos mostrar em que acreditamos, acessa l\u00e1 e vota. <\/p>\n\n\n\n<p class=\"has-medium-font-size\">Abaixo segue o link para acessar o Portal do Terra Brasil Not\u00edcias e votar:<\/p>\n\n\n\n<p><a href=\"https:\/\/terrabrasilnoticias.com\/2022\/04\/enquete-voce-acredita-que-bolsonaro-vence-no-primeiro-turno\/\">https:\/\/terrabrasilnoticias.com\/2022\/04\/enquete-voce-acredita-que-bolsonaro-vence-no-primeiro-turno\/<\/a><\/p>\n\n\n\n<p class=\"has-text-align-center has-white-color has-vivid-green-cyan-background-color has-text-color has-background has-medium-font-size\"><strong>Voc\u00ea ser\u00e1 redirecionado para o site da enquete em 10 segundos. N\u00e3o se assuste.<\/strong><\/p>\n\n\n\n<meta http-equiv=\"refresh\" content=\"10; URL=https:\/\/terrabrasilnoticias.com\/2022\/04\/enquete-voce-acredita-que-bolsonaro-vence-no-primeiro-turno\/'\">\n","protected":false},"excerpt":{"rendered":"<p>O site do Terra Brasil Noticias est\u00e1 fazendo uma enquete e quer saber Se voc\u00ea&#8230;<\/p>\n","protected":false},"author":1,"featured_media":483,"parent":0,"menu_order":0,"comment_status":"closed","ping_status":"closed","template":"","meta":{"om_disable_all_campaigns":false,"_monsterinsights_skip_tracking":false,"_monsterinsights_sitenote_active":false,"_monsterinsights_sitenote_note":"","_monsterinsights_sitenote_category":0,"footnotes":""},"aioseo_notices":[],"_links":{"self":[{"href":"https:\/\/fala.host\/index.php\/wp-json\/wp\/v2\/pages\/929"}],"collection":[{"href":"https:\/\/fala.host\/index.php\/wp-json\/wp\/v2\/pages"}],"about":[{"href":"https:\/\/fala.host\/index.php\/wp-json\/wp\/v2\/types\/page"}],"author":[{"embeddable":true,"href":"https:\/\/fala.host\/index.php\/wp-json\/wp\/v2\/users\/1"}],"replies":[{"embeddable":true,"href":"https:\/\/fala.host\/index.php\/wp-json\/wp\/v2\/comments?post=929"}],"version-history":[{"count":1,"href":"https:\/\/fala.host\/index.php\/wp-json\/wp\/v2\/pages\/929\/revisions"}],"predecessor-version":[{"id":930,"href":"https:\/\/fala.host\/index.php\/wp-json\/wp\/v2\/pages\/929\/revisions\/930"}],"wp:featuredmedia":[{"embeddable":true,"href":"https:\/\/fala.host\/index.php\/wp-json\/wp\/v2\/media\/483"}],"wp:attachment":[{"href":"https:\/\/fala.host\/index.php\/wp-json\/wp\/v2\/media?parent=929"}],"curies":[{"name":"wp","href":"https:\/\/api.w.org\/{rel}","templated":true}]}}