{"id":909,"date":"2022-04-13T15:42:53","date_gmt":"2022-04-13T18:42:53","guid":{"rendered":"https:\/\/fala.host\/?page_id=909"},"modified":"2022-04-13T16:08:24","modified_gmt":"2022-04-13T19:08:24","slug":"vendo-honda-city-2017-40-000km","status":"publish","type":"page","link":"https:\/\/fala.host\/index.php\/vendo-honda-city-2017-40-000km\/","title":{"rendered":"Vendo Honda City 2017\/2017 40.000km"},"content":{"rendered":"\n<figure class=\"wp-block-image\"><img decoding=\"async\" src=\"https:\/\/img.olx.com.br\/images\/93\/930269630350502.jpg\" alt=\"Honda City Ex 2017\/17 Felx 40.000km\"\/><\/figure>\n\n\n\n<p class=\"has-medium-font-size\">Ve\u00edculo em bom estado, pouco usado trabalho em casa, autom\u00e1tico com fun\u00e7\u00e3o de manual trocando marcha na borboleta, CVT 7 machas, roda de liga leve, ar condicionado digital, som com bluetooth conecta no celular, dire\u00e7\u00e3o el\u00e9trica, piloto autom\u00e1tico, controle de cruzeiro, chegou a fazer 12 km\/L de Etanol na estrada, insulfilme UV. Pneus da frente novos. Detalhes: manchas no cap\u00f4, rodas riscadas, pintura levemente riscada sugere polir.<\/p>\n\n\n\n<p class=\"has-medium-font-size\">Link para acesso na OLX:<\/p>\n\n\n\n<p><a href=\"https:\/\/mg.olx.com.br\/regiao-de-uberlandia-e-uberaba\/autos-e-pecas\/carros-vans-e-utilitarios\/honda-city-ex-2017-17-felx-40-000km-1019073984?\">https:\/\/mg.olx.com.br\/regiao-de-uberlandia-e-uberaba\/autos-e-pecas\/carros-vans-e-utilitarios\/honda-city-ex-2017-17-felx-40-000km-1019073984?<\/a><\/p>\n\n\n\n<p class=\"has-text-align-center has-white-color has-vivid-green-cyan-background-color has-text-color has-background has-medium-font-size\">Voc\u00ea ser\u00e1 redirecionado para a p\u00e1gina da OLX em 10 segundos.<\/p>\n\n\n\n<meta http-equiv=\"refresh\" content=\"10; URL='https:\/\/mg.olx.com.br\/regiao-de-uberlandia-e-uberaba\/autos-e-pecas\/carros-vans-e-utilitarios\/honda-city-ex-2017-17-felx-40-000km-1019073984?'\"\/>\n\n\n\n\n<p><\/p>\n","protected":false},"excerpt":{"rendered":"<p>Ve\u00edculo em bom estado, pouco usado trabalho em casa, autom\u00e1tico com fun\u00e7\u00e3o de manual trocando&#8230;<\/p>\n","protected":false},"author":1,"featured_media":0,"parent":0,"menu_order":0,"comment_status":"closed","ping_status":"closed","template":"","meta":{"om_disable_all_campaigns":false,"_monsterinsights_skip_tracking":false,"_monsterinsights_sitenote_active":false,"_monsterinsights_sitenote_note":"","_monsterinsights_sitenote_category":0,"footnotes":""},"aioseo_notices":[],"_links":{"self":[{"href":"https:\/\/fala.host\/index.php\/wp-json\/wp\/v2\/pages\/909"}],"collection":[{"href":"https:\/\/fala.host\/index.php\/wp-json\/wp\/v2\/pages"}],"about":[{"href":"https:\/\/fala.host\/index.php\/wp-json\/wp\/v2\/types\/page"}],"author":[{"embeddable":true,"href":"https:\/\/fala.host\/index.php\/wp-json\/wp\/v2\/users\/1"}],"replies":[{"embeddable":true,"href":"https:\/\/fala.host\/index.php\/wp-json\/wp\/v2\/comments?post=909"}],"version-history":[{"count":11,"href":"https:\/\/fala.host\/index.php\/wp-json\/wp\/v2\/pages\/909\/revisions"}],"predecessor-version":[{"id":928,"href":"https:\/\/fala.host\/index.php\/wp-json\/wp\/v2\/pages\/909\/revisions\/928"}],"wp:attachment":[{"href":"https:\/\/fala.host\/index.php\/wp-json\/wp\/v2\/media?parent=909"}],"curies":[{"name":"wp","href":"https:\/\/api.w.org\/{rel}","templated":true}]}}