{"id":2208,"date":"2025-07-23T12:52:31","date_gmt":"2025-07-23T15:52:31","guid":{"rendered":"https:\/\/fala.host\/?page_id=2208"},"modified":"2025-07-24T15:45:08","modified_gmt":"2025-07-24T18:45:08","slug":"cadastro-de-patritoas-conservadores-de-direita","status":"publish","type":"page","link":"https:\/\/fala.host\/index.php\/cadastro-de-patritoas-conservadores-de-direita\/","title":{"rendered":"Cadastro de Patritoas Conservadores de Direita"},"content":{"rendered":"\n<p>Este formul\u00e1rio \u00e9 destinado ao cadastro de <strong>patriotas conservadores de direita<\/strong> que desejam ser <strong>chamados para os pr\u00f3ximos movimentos<\/strong> em defesa da liberdade, da p\u00e1tria, Deus, fam\u00edlia e de todos os nossos valores.<\/p>\n\n\n\n<p>Se voc\u00ea tem interesse em participar de <strong>manifesta\u00e7\u00f5es, buzina\u00e7os, atos c\u00edvicos, motociatas, passeatas<\/strong> e outras mobiliza\u00e7\u00f5es organizadas, deixe aqui seus dados de contato. Juntos, vamos enfrentar os <strong>tempos desafiadores que est\u00e3o por vir<\/strong> com coragem, uni\u00e3o e muita for\u00e7a de vontade de trazer de volta a democracia ao Brasil.<\/p>\n\n\n\n<p>OBS: Ao se cadastrar voc\u00ea autoriza a inclus\u00e3o do seu n\u00famero em grupos de redes sociais para comunica\u00e7\u00e3o.<\/p>\n\n\n\n","protected":false},"excerpt":{"rendered":"<p>Este formul\u00e1rio \u00e9 destinado ao cadastro de patriotas conservadores de direita que desejam ser chamados&#8230;<\/p>\n","protected":false},"author":1,"featured_media":0,"parent":0,"menu_order":0,"comment_status":"closed","ping_status":"closed","template":"","meta":{"om_disable_all_campaigns":false,"_monsterinsights_skip_tracking":false,"_monsterinsights_sitenote_active":false,"_monsterinsights_sitenote_note":"","_monsterinsights_sitenote_category":0,"footnotes":""},"aioseo_notices":[],"_links":{"self":[{"href":"https:\/\/fala.host\/index.php\/wp-json\/wp\/v2\/pages\/2208"}],"collection":[{"href":"https:\/\/fala.host\/index.php\/wp-json\/wp\/v2\/pages"}],"about":[{"href":"https:\/\/fala.host\/index.php\/wp-json\/wp\/v2\/types\/page"}],"author":[{"embeddable":true,"href":"https:\/\/fala.host\/index.php\/wp-json\/wp\/v2\/users\/1"}],"replies":[{"embeddable":true,"href":"https:\/\/fala.host\/index.php\/wp-json\/wp\/v2\/comments?post=2208"}],"version-history":[{"count":3,"href":"https:\/\/fala.host\/index.php\/wp-json\/wp\/v2\/pages\/2208\/revisions"}],"predecessor-version":[{"id":2214,"href":"https:\/\/fala.host\/index.php\/wp-json\/wp\/v2\/pages\/2208\/revisions\/2214"}],"wp:attachment":[{"href":"https:\/\/fala.host\/index.php\/wp-json\/wp\/v2\/media?parent=2208"}],"curies":[{"name":"wp","href":"https:\/\/api.w.org\/{rel}","templated":true}]}}