{"id":2199,"date":"2025-07-23T12:43:14","date_gmt":"2025-07-23T15:43:14","guid":{"rendered":"https:\/\/fala.host\/?page_id=2199"},"modified":"2025-07-23T12:43:14","modified_gmt":"2025-07-23T15:43:14","slug":"check-list-preparacao-para-manifestacoes","status":"publish","type":"page","link":"https:\/\/fala.host\/index.php\/check-list-preparacao-para-manifestacoes\/","title":{"rendered":"Check list &#8211; Prepara\u00e7\u00e3o para Manifesta\u00e7\u00f5es"},"content":{"rendered":"\n<p>Com o intuito de auxiliar nos eventos de manifesta\u00e7\u00f5es dos movimentos, este check list contempla a confer\u00eancia dos itens mais importantes e indispens\u00e1veis. Nunca se esque\u00e7a dos seguintes itens\/a\u00e7\u00f5es:<\/p>\n\n\n\n<ol>\n<li>Verifica se n\u00e3o existe outro evento marcado para o mesmo local, data e hora;<\/li>\n\n\n\n<li>Definir:\n<ol>\n<li>Local (endere\u00e7o completo);<\/li>\n\n\n\n<li>Data;<\/li>\n\n\n\n<li>Hor\u00e1rio (in\u00edcio e fim);<\/li>\n<\/ol>\n<\/li>\n\n\n\n<li>Realizar divulga\u00e7\u00e3o;\n<ol>\n<li>Grupo Whatsapp;<\/li>\n\n\n\n<li>Facebook;<\/li>\n\n\n\n<li>Agendar com as emissoras (r\u00e1dio e TV) m\u00eddias;<\/li>\n<\/ol>\n<\/li>\n\n\n\n<li>Agendar carro de som;\n<ol>\n<li>Escolher as m\u00fasicas;<\/li>\n\n\n\n<li>Gravar v\u00e1rios pendrives em caso de seguran\u00e7a e redund\u00e2ncia;<\/li>\n<\/ol>\n<\/li>\n\n\n\n<li>Agendar os participantes;\n<ol>\n<li>Definir os respons\u00e1veis por cada tarefa;\n<ol>\n<li>Locutor do carro de som;<\/li>\n\n\n\n<li>Pelas bandeiras;<\/li>\n\n\n\n<li>Pelas \u00e1guas;<\/li>\n\n\n\n<li>Pelas faixas;<\/li>\n\n\n\n<li>Pelo som;<\/li>\n\n\n\n<li>Pelas camisetas;<\/li>\n\n\n\n<li>Pelas mesas e cadeiras;<\/li>\n\n\n\n<li>Coleta de assinaturas \u2013 coletar nome, telefone e e-mail de todos para nos unirmos;<\/li>\n\n\n\n<li>Cinegrafistas e fot\u00f3grafos oficiais do evento;<\/li>\n\n\n\n<li>Pela seguran\u00e7a;<\/li>\n<\/ol>\n<\/li>\n<\/ol>\n<\/li>\n\n\n\n<li>Comunicar com anteced\u00eancia:\n<ol>\n<li>SETRAN;<\/li>\n\n\n\n<li>Pol\u00edcia Militar;\n<ol>\n<li>Informe local, data e hora;<\/li>\n\n\n\n<li>Desenhe o trajeto se for deslocar;<\/li>\n<\/ol>\n<\/li>\n\n\n\n<li>Secretaria de tr\u00e2nsito;<\/li>\n<\/ol>\n<\/li>\n\n\n\n<li>Se houver confus\u00e3o:\n<ol>\n<li>Mantenha dist\u00e2ncia e registre tudo com seu celular;<\/li>\n\n\n\n<li>Comunique \u00e0 pol\u00edcia;<\/li>\n\n\n\n<li>Nunca recorra \u00e0 viol\u00eancia;<\/li>\n<\/ol>\n<\/li>\n\n\n\n<li>N\u00e3o esquecer:\n<ol>\n<li>Carteira;<\/li>\n\n\n\n<li>Documentos;<\/li>\n\n\n\n<li>Sempre cumprimentar e elogiar os policiais;<\/li>\n\n\n\n<li>Verificar\n<ol>\n<li>As baterias dos celulares;<\/li>\n\n\n\n<li>Os espa\u00e7os de armazenamentos para fotos e v\u00eddeos;<\/li>\n\n\n\n<li>Se o local possui Wi-fi ou 3\/4G;<\/li>\n<\/ol>\n<\/li>\n\n\n\n<li>Protetor solar;<\/li>\n\n\n\n<li>\u00d3culos solar;<\/li>\n\n\n\n<li>Sapatos confort\u00e1veis;<\/li>\n\n\n\n<li>Roupas confort\u00e1veis;\n<ol>\n<li>De prefer\u00eancia para as cores da bandeira e evite vermelho;<\/li>\n<\/ol>\n<\/li>\n\n\n\n<li>Barraca;<\/li>\n\n\n\n<li>Mesas;<\/li>\n\n\n\n<li>Cadeiras;<\/li>\n\n\n\n<li>Ventiladores;<\/li>\n\n\n\n<li>Canetas;<\/li>\n\n\n\n<li>Pranchetas;<\/li>\n\n\n\n<li>Formul\u00e1rios;<\/li>\n\n\n\n<li>Cart\u00f5es de identifica\u00e7\u00e3o;<\/li>\n\n\n\n<li>Ilumina\u00e7\u00e3o;\n<ol>\n<li>Fia\u00e7\u00e3o;<\/li>\n\n\n\n<li>L\u00e2mpadas;<\/li>\n\n\n\n<li>Baterias;<\/li>\n<\/ol>\n<\/li>\n\n\n\n<li>Bandeiras;<\/li>\n\n\n\n<li>Cartazes;<\/li>\n\n\n\n<li>Faixas;<\/li>\n\n\n\n<li>Panfletos;<\/li>\n\n\n\n<li>Adesivos;<\/li>\n\n\n\n<li>Apitos, vuvuzelas, cornetas, buzinas;<\/li>\n\n\n\n<li>Nariz de palha\u00e7\u00f5es;<\/li>\n\n\n\n<li>Equipamentos de percuss\u00e3o;\n<ol>\n<li>Catraca;<\/li>\n\n\n\n<li>Sanfonas;<\/li>\n\n\n\n<li>Tambores;<\/li>\n\n\n\n<li>Cornetas;<\/li>\n<\/ol>\n<\/li>\n\n\n\n<li>Camisetas;<\/li>\n\n\n\n<li>Coletes;<\/li>\n\n\n\n<li>Megafone;\n<ol>\n<li>Conferir baterias;<\/li>\n<\/ol>\n<\/li>\n\n\n\n<li>Caixa de som;\n<ol>\n<li>Microfone;<\/li>\n\n\n\n<li>Verificar se o local possui energia el\u00e9trica ou se o aparelho funciona com baterias;<\/li>\n<\/ol>\n<\/li>\n\n\n\n<li>Caixa herm\u00e9tica;\n<ol>\n<li>\u00c1gua gelada;<\/li>\n<\/ol>\n<\/li>\n\n\n\n<li>Bon\u00e9s ou chap\u00e9us;<\/li>\n\n\n\n<li>Adesivos;\n<ol>\n<li>Para identificar os integrantes;<\/li>\n\n\n\n<li>Para colar nos ve\u00edculos;<\/li>\n\n\n\n<li>Para colar nos celulares;<\/li>\n<\/ol>\n<\/li>\n<\/ol>\n<\/li>\n<\/ol>\n","protected":false},"excerpt":{"rendered":"<p>Com o intuito de auxiliar nos eventos de manifesta\u00e7\u00f5es dos movimentos, este check list contempla&#8230;<\/p>\n","protected":false},"author":1,"featured_media":2202,"parent":0,"menu_order":0,"comment_status":"closed","ping_status":"closed","template":"","meta":{"om_disable_all_campaigns":false,"_monsterinsights_skip_tracking":false,"_monsterinsights_sitenote_active":false,"_monsterinsights_sitenote_note":"","_monsterinsights_sitenote_category":0,"footnotes":""},"aioseo_notices":[],"_links":{"self":[{"href":"https:\/\/fala.host\/index.php\/wp-json\/wp\/v2\/pages\/2199"}],"collection":[{"href":"https:\/\/fala.host\/index.php\/wp-json\/wp\/v2\/pages"}],"about":[{"href":"https:\/\/fala.host\/index.php\/wp-json\/wp\/v2\/types\/page"}],"author":[{"embeddable":true,"href":"https:\/\/fala.host\/index.php\/wp-json\/wp\/v2\/users\/1"}],"replies":[{"embeddable":true,"href":"https:\/\/fala.host\/index.php\/wp-json\/wp\/v2\/comments?post=2199"}],"version-history":[{"count":1,"href":"https:\/\/fala.host\/index.php\/wp-json\/wp\/v2\/pages\/2199\/revisions"}],"predecessor-version":[{"id":2203,"href":"https:\/\/fala.host\/index.php\/wp-json\/wp\/v2\/pages\/2199\/revisions\/2203"}],"wp:featuredmedia":[{"embeddable":true,"href":"https:\/\/fala.host\/index.php\/wp-json\/wp\/v2\/media\/2202"}],"wp:attachment":[{"href":"https:\/\/fala.host\/index.php\/wp-json\/wp\/v2\/media?parent=2199"}],"curies":[{"name":"wp","href":"https:\/\/api.w.org\/{rel}","templated":true}]}}