{"id":1403,"date":"2022-11-19T13:55:37","date_gmt":"2022-11-19T16:55:37","guid":{"rendered":"https:\/\/fala.host\/?page_id=1403"},"modified":"2023-11-30T09:12:41","modified_gmt":"2023-11-30T12:12:41","slug":"zallo","status":"publish","type":"page","link":"https:\/\/fala.host\/index.php\/zallo\/","title":{"rendered":"ZALLO"},"content":{"rendered":"\n<p class=\"has-medium-font-size\"><strong>Conecte rapidamente no Whatsapp e Telegram de pessoas que n\u00e3o est\u00e3o em sua agenda.<\/strong><\/p>\n\n\n\n<p class=\"has-medium-font-size\">Conhe\u00e7a o <strong>ZALLO<\/strong>, uma ferramenta que te ajuda a entrar em contato com pessoas que n\u00e3o est\u00e3o em suas redes sociais. <strong>Exemplo<\/strong>: Imagine que voc\u00ea precise mandar uma mensagem <strong>whatsapp <\/strong>ou <strong>telegram <\/strong>para uma pessoa, mas como n\u00e3o tem ela cadastrada no seu celular, primeiro precisar\u00e1 cadastra-la e depois cham\u00e1-la. Com o <strong>ZALLO<\/strong> voc\u00ea s\u00f3 insere o n\u00famero da pessoa, clica em <strong>Prosseguir <\/strong>e pronto, come\u00e7a a trocar mensagens sem precisar cadastr\u00e1-la em seu celular. <a href=\"#video\" title=\"Veja o v\u00eddeo ao final desta p\u00e1gina\">Veja o v\u00eddeo ao final desta p\u00e1gina<\/a>.<\/p>\n\n\n\n<p class=\"has-white-color has-vivid-green-cyan-background-color has-text-color has-background has-medium-font-size\">Experimente o <strong>ZALLO <\/strong>agora, coloque o n\u00famero no campo abaixo e clique em <strong>Prosseguir<\/strong> e depois <strong>Conectar<\/strong>.<\/p>\n\n\n\n\n\n\n<h2 class=\"wp-block-heading\" id=\"video\">Assista o v\u00eddeo explicativo<\/h2>\n\n\n\n<figure class=\"wp-block-embed is-type-video is-provider-youtube wp-block-embed-youtube wp-embed-aspect-16-9 wp-has-aspect-ratio\"><div class=\"wp-block-embed__wrapper\">\nhttps:\/\/youtu.be\/f3CuFrZ2i5k\n<\/div><\/figure>\n","protected":false},"excerpt":{"rendered":"<p>Conecte rapidamente no Whatsapp e Telegram de pessoas que n\u00e3o est\u00e3o em sua agenda. Conhe\u00e7a&#8230;<\/p>\n","protected":false},"author":1,"featured_media":1770,"parent":0,"menu_order":0,"comment_status":"open","ping_status":"closed","template":"","meta":{"om_disable_all_campaigns":false,"_monsterinsights_skip_tracking":false,"_monsterinsights_sitenote_active":false,"_monsterinsights_sitenote_note":"","_monsterinsights_sitenote_category":0,"footnotes":""},"aioseo_notices":[],"_links":{"self":[{"href":"https:\/\/fala.host\/index.php\/wp-json\/wp\/v2\/pages\/1403"}],"collection":[{"href":"https:\/\/fala.host\/index.php\/wp-json\/wp\/v2\/pages"}],"about":[{"href":"https:\/\/fala.host\/index.php\/wp-json\/wp\/v2\/types\/page"}],"author":[{"embeddable":true,"href":"https:\/\/fala.host\/index.php\/wp-json\/wp\/v2\/users\/1"}],"replies":[{"embeddable":true,"href":"https:\/\/fala.host\/index.php\/wp-json\/wp\/v2\/comments?post=1403"}],"version-history":[{"count":5,"href":"https:\/\/fala.host\/index.php\/wp-json\/wp\/v2\/pages\/1403\/revisions"}],"predecessor-version":[{"id":1418,"href":"https:\/\/fala.host\/index.php\/wp-json\/wp\/v2\/pages\/1403\/revisions\/1418"}],"wp:featuredmedia":[{"embeddable":true,"href":"https:\/\/fala.host\/index.php\/wp-json\/wp\/v2\/media\/1770"}],"wp:attachment":[{"href":"https:\/\/fala.host\/index.php\/wp-json\/wp\/v2\/media?parent=1403"}],"curies":[{"name":"wp","href":"https:\/\/api.w.org\/{rel}","templated":true}]}}