{"id":1053,"date":"2022-05-04T12:08:10","date_gmt":"2022-05-04T15:08:10","guid":{"rendered":"https:\/\/fala.host\/?page_id=1053"},"modified":"2022-05-04T12:08:11","modified_gmt":"2022-05-04T15:08:11","slug":"whois","status":"publish","type":"page","link":"https:\/\/fala.host\/index.php\/whois\/","title":{"rendered":"Whois"},"content":{"rendered":"\n<p class=\"has-medium-font-size\">Confira quem \u00e9 o dono de um Dom\u00ednio ou IP. Basta digitar o dom\u00ednio ou IP no campo abaixo e clicar no bot\u00e3o. Se o dom\u00ednio existir e tiver propriet\u00e1rio ser\u00e1 apresentado seus dados de contato.<\/p>\n\n\n\n","protected":false},"excerpt":{"rendered":"<p>Confira quem \u00e9 o dono de um Dom\u00ednio ou IP. Basta digitar o dom\u00ednio ou&#8230;<\/p>\n","protected":false},"author":1,"featured_media":1049,"parent":0,"menu_order":0,"comment_status":"closed","ping_status":"closed","template":"","meta":{"om_disable_all_campaigns":false,"_monsterinsights_skip_tracking":false,"_monsterinsights_sitenote_active":false,"_monsterinsights_sitenote_note":"","_monsterinsights_sitenote_category":0,"footnotes":""},"aioseo_notices":[],"_links":{"self":[{"href":"https:\/\/fala.host\/index.php\/wp-json\/wp\/v2\/pages\/1053"}],"collection":[{"href":"https:\/\/fala.host\/index.php\/wp-json\/wp\/v2\/pages"}],"about":[{"href":"https:\/\/fala.host\/index.php\/wp-json\/wp\/v2\/types\/page"}],"author":[{"embeddable":true,"href":"https:\/\/fala.host\/index.php\/wp-json\/wp\/v2\/users\/1"}],"replies":[{"embeddable":true,"href":"https:\/\/fala.host\/index.php\/wp-json\/wp\/v2\/comments?post=1053"}],"version-history":[{"count":2,"href":"https:\/\/fala.host\/index.php\/wp-json\/wp\/v2\/pages\/1053\/revisions"}],"predecessor-version":[{"id":1056,"href":"https:\/\/fala.host\/index.php\/wp-json\/wp\/v2\/pages\/1053\/revisions\/1056"}],"wp:featuredmedia":[{"embeddable":true,"href":"https:\/\/fala.host\/index.php\/wp-json\/wp\/v2\/media\/1049"}],"wp:attachment":[{"href":"https:\/\/fala.host\/index.php\/wp-json\/wp\/v2\/media?parent=1053"}],"curies":[{"name":"wp","href":"https:\/\/api.w.org\/{rel}","templated":true}]}}