{"id":10,"date":"2021-06-30T15:00:59","date_gmt":"2021-06-30T18:00:59","guid":{"rendered":"http:\/\/fala.host\/?page_id=10"},"modified":"2022-03-17T12:52:41","modified_gmt":"2022-03-17T15:52:41","slug":"crie-seu-site-com-blocos","status":"publish","type":"page","link":"https:\/\/fala.host\/","title":{"rendered":"Ferramentas democr\u00e1ticas: Enquetes, Abaixo-Assinados"},"content":{"rendered":"\n<h2 class=\"alignwide has-text-align-wide has-gigantic-font-size wp-block-heading\" style=\"line-height:1.1\">Crie seu site com blocos<\/h2>\n\n\n\n<div style=\"height:100px\" aria-hidden=\"true\" class=\"wp-block-spacer\"><\/div>\n\n\n\n<div class=\"wp-block-columns alignwide are-vertically-aligned-center is-style-twentytwentyone-columns-overlap is-layout-flex wp-container-core-columns-is-layout-1 wp-block-columns-is-layout-flex\">\n<div class=\"wp-block-column is-vertically-aligned-center is-layout-flow wp-block-column-is-layout-flow\">\n<figure class=\"wp-block-image alignfull size-large\"><img decoding=\"async\" src=\"http:\/\/fala.host\/wp-content\/themes\/twentytwentyone\/assets\/images\/roses-tremieres-hollyhocks-1884.jpg\" alt=\"\u201cRoses Tr\u00e9mi\u00e8res\u201d por Berthe Morisot\"\/><\/figure>\n\n\n\n<div style=\"height:100px\" aria-hidden=\"true\" class=\"wp-block-spacer\"><\/div>\n\n\n\n<figure class=\"wp-block-image alignfull size-large is-style-twentytwentyone-image-frame\"><img decoding=\"async\" src=\"http:\/\/fala.host\/wp-content\/themes\/twentytwentyone\/assets\/images\/in-the-bois-de-boulogne.jpg\" alt=\"\u201cNo Bois de Boulogne\u201d de Berthe Morisot\"\/><\/figure>\n<\/div>\n\n\n\n<div class=\"wp-block-column is-vertically-aligned-center is-layout-flow wp-block-column-is-layout-flow\">\n<div style=\"height:100px\" aria-hidden=\"true\" class=\"wp-block-spacer\"><\/div>\n\n\n\n<figure class=\"wp-block-image size-large alignfull size-full is-style-twentytwentyone-border\"><img decoding=\"async\" src=\"http:\/\/fala.host\/wp-content\/themes\/twentytwentyone\/assets\/images\/young-woman-in-mauve.jpg\" alt=\"\u201cJovem mulher em Mauve\u201d de Berthe Morisot\"\/><\/figure>\n<\/div>\n<\/div>\n\n\n\n<div style=\"height:50px\" aria-hidden=\"true\" class=\"wp-block-spacer\"><\/div>\n\n\n\n<div class=\"wp-block-columns alignwide are-vertically-aligned-top is-layout-flex wp-container-core-columns-is-layout-2 wp-block-columns-is-layout-flex\">\n<div class=\"wp-block-column is-vertically-aligned-top is-layout-flow wp-block-column-is-layout-flow\">\n<h3 class=\"wp-block-heading\">Adicione padr\u00f5es de blocos<\/h3>\n\n\n\n<p>Os padr\u00f5es de blocos s\u00e3o grupos de blocos pr\u00e9-desenhados. Para adicionar um, selecione o bot\u00e3o Adicionar bloco [+] na barra de ferramentas na parte superior do editor. Mude para a aba &#8220;Padr\u00f5es&#8221; embaixo da barra de busca e escolha um padr\u00e3o.<\/p>\n<\/div>\n\n\n\n<div class=\"wp-block-column is-vertically-aligned-top is-layout-flow wp-block-column-is-layout-flow\">\n<h3 class=\"wp-block-heading\">Molduras nas imagens<\/h3>\n\n\n\n<p>Twenty Twenty-One inclui bordas elegantes para seu conte\u00fado. Com um bloco de imagem selecionado, abra o painel &#8220;Estilos&#8221; dentro da barra lateral do Editor. Selecione o estilo de bloco &#8220;Moldura&#8221; para ativ\u00e1-lo.<\/p>\n<\/div>\n\n\n\n<div class=\"wp-block-column is-vertically-aligned-top is-layout-flow wp-block-column-is-layout-flow\">\n<h3 class=\"wp-block-heading\">Sobrepor colunas<\/h3>\n\n\n\n<p>Twenty Twenty-One tamb\u00e9m inclui um estilo de sobreposi\u00e7\u00e3o para blocos de colunas. Com um bloco de colunas selecionado, abra o painel &#8220;Estilos&#8221; dentro da barra lateral do Editor. Escolha o estilo de bloco &#8220;Sobrepor&#8221; para experiment\u00e1-lo.<\/p>\n<\/div>\n<\/div>\n\n\n\n<div style=\"height:100px\" aria-hidden=\"true\" class=\"wp-block-spacer\"><\/div>\n\n\n\n<div class=\"wp-block-cover alignwide has-green-background-color has-background-dim is-style-twentytwentyone-border\"><div class=\"wp-block-cover__inner-container is-layout-flow wp-block-cover-is-layout-flow\">\n<div style=\"height:20px\" aria-hidden=\"true\" class=\"wp-block-spacer\"><\/div>\n\n\n\n<p class=\"has-huge-font-size\">Precisa de ajuda?<\/p>\n\n\n\n<div style=\"height:75px\" aria-hidden=\"true\" class=\"wp-block-spacer\"><\/div>\n\n\n\n<div class=\"wp-block-columns is-layout-flex wp-container-core-columns-is-layout-3 wp-block-columns-is-layout-flex\">\n<div class=\"wp-block-column is-layout-flow wp-block-column-is-layout-flow\">\n<p><a href=\"https:\/\/wordpress.org\/support\/article\/twenty-twenty-one\/\">Ler a documenta\u00e7\u00e3o do tema<\/a><\/p>\n<\/div>\n\n\n\n<div class=\"wp-block-column is-layout-flow wp-block-column-is-layout-flow\">\n<p><a href=\"https:\/\/wordpress.org\/support\/theme\/twentytwentyone\/\">Confira os f\u00f3runs de suporte<\/a><\/p>\n<\/div>\n<\/div>\n\n\n\n<div style=\"height:20px\" aria-hidden=\"true\" class=\"wp-block-spacer\"><\/div>\n<\/div><\/div>\n","protected":false},"excerpt":{"rendered":"<p>Crie seu site com blocos Adicione padr\u00f5es de blocos Os padr\u00f5es de blocos s\u00e3o grupos&#8230;<\/p>\n","protected":false},"author":1,"featured_media":0,"parent":0,"menu_order":0,"comment_status":"closed","ping_status":"closed","template":"","meta":{"om_disable_all_campaigns":false,"_monsterinsights_skip_tracking":false,"_monsterinsights_sitenote_active":false,"_monsterinsights_sitenote_note":"","_monsterinsights_sitenote_category":0,"footnotes":""},"aioseo_notices":[],"_links":{"self":[{"href":"https:\/\/fala.host\/index.php\/wp-json\/wp\/v2\/pages\/10"}],"collection":[{"href":"https:\/\/fala.host\/index.php\/wp-json\/wp\/v2\/pages"}],"about":[{"href":"https:\/\/fala.host\/index.php\/wp-json\/wp\/v2\/types\/page"}],"author":[{"embeddable":true,"href":"https:\/\/fala.host\/index.php\/wp-json\/wp\/v2\/users\/1"}],"replies":[{"embeddable":true,"href":"https:\/\/fala.host\/index.php\/wp-json\/wp\/v2\/comments?post=10"}],"version-history":[{"count":2,"href":"https:\/\/fala.host\/index.php\/wp-json\/wp\/v2\/pages\/10\/revisions"}],"predecessor-version":[{"id":796,"href":"https:\/\/fala.host\/index.php\/wp-json\/wp\/v2\/pages\/10\/revisions\/796"}],"wp:attachment":[{"href":"https:\/\/fala.host\/index.php\/wp-json\/wp\/v2\/media?parent=10"}],"curies":[{"name":"wp","href":"https:\/\/api.w.org\/{rel}","templated":true}]}}